
{"id":464,"date":"2019-09-10T21:29:00","date_gmt":"2019-09-10T15:44:00","guid":{"rendered":"http:\/\/demo.themebeez.com\/demos-2\/orchid-store\/?page_id=464"},"modified":"2022-06-16T16:07:50","modified_gmt":"2022-06-16T21:07:50","slug":"contact","status":"publish","type":"page","link":"https:\/\/puntovolkswagen.com.ec\/index.php\/contact\/","title":{"rendered":"Cont\u00e1ctenos"},"content":{"rendered":"\n<p><\/p>\n\n\n\n<div style=\"height:20px\" aria-hidden=\"true\" class=\"wp-block-spacer\"><\/div>\n\n\n\n<hr class=\"wp-block-separator has-css-opacity is-style-wide\"\/>\n\n\n\n<div style=\"height:40px\" aria-hidden=\"true\" class=\"wp-block-spacer\"><\/div>\n\n\n\n<div class=\"wp-block-columns has-2-columns is-layout-flex wp-container-core-columns-is-layout-9d6595d7 wp-block-columns-is-layout-flex\">\n<div class=\"wp-block-column is-layout-flow wp-block-column-is-layout-flow\">\n<p><\/p>\n\n\n\n<h6 class=\"wp-block-heading\" id=\"informacion-de-contacto\">INFORMACI\u00d3N DE CONTACTO:<\/h6>\n\n\n\n<p><strong>Direcci\u00f3n:<\/strong> Los R\u00edos 1108 entre Luque y Aguirre<\/p>\n\n\n\n<p><strong>ALMACEN:<\/strong> (04) &#8211; 2369368 <\/p>\n\n\n\n<p><strong>TALLER:<\/strong> (04) &#8211; 2193112<\/p>\n\n\n\n<p><strong>Telf Vendedor 1: <\/strong>0985221490 (Ana)\u00a0\u00a0\u00a0\u00a0 <\/p>\n\n\n\n<p>Correo: <a href=\"mailto:autochecorepuestos@hotmail.com\">autochecorepuestos@hotmail.com<\/a><\/p>\n\n\n\n<p><strong>Telf Vendedor 2: <\/strong>0988530859 (Aracely) \u00a0<\/p>\n\n\n\n<p>Correo: <a href=\"mailto:puntovolkswagen@hotmail.com\">puntovolkswagen@hotmail.com<\/a><\/p>\n\n\n\n<p><strong>Telf Vendedor 3: <\/strong>0994792269 (Lisbey) <\/p>\n\n\n\n<p>Correo: <a href=\"mailto:autochecotaller@gmail.com\">autochecotaller@gmail.com<\/a><\/p>\n\n\n\n<p><strong>Telf Asistencia Taller: <\/strong>0939415072\u00a0 (Joselyn) <\/p>\n\n\n\n<p>Correo: <a href=\"mailto:tallerpuntovolkswagen@hotmail.com\">tallerpuntovolkswagen@hotmail.com<\/a><\/p>\n\n\n\n<p><\/p>\n\n\n\n<p><\/p>\n\n\n\n<p><\/p>\n\n\n\n<hr class=\"wp-block-separator has-css-opacity\"\/>\n\n\n<div role=\"form\" class=\"wpcf7\" id=\"wpcf7-f912-o1\" lang=\"es-MX\" dir=\"ltr\">\n<div class=\"screen-reader-response\"><p role=\"status\" aria-live=\"polite\" aria-atomic=\"true\"><\/p> <ul><\/ul><\/div>\n<form action=\"\/index.php\/wp-json\/wp\/v2\/pages\/464#wpcf7-f912-o1\" method=\"post\" class=\"wpcf7-form init\" novalidate=\"novalidate\" data-status=\"init\">\n<div style=\"display: none;\">\n<input type=\"hidden\" name=\"_wpcf7\" value=\"912\" \/>\n<input type=\"hidden\" name=\"_wpcf7_version\" value=\"5.6\" \/>\n<input type=\"hidden\" name=\"_wpcf7_locale\" value=\"es_MX\" \/>\n<input type=\"hidden\" name=\"_wpcf7_unit_tag\" value=\"wpcf7-f912-o1\" \/>\n<input type=\"hidden\" name=\"_wpcf7_container_post\" value=\"0\" \/>\n<input type=\"hidden\" name=\"_wpcf7_posted_data_hash\" value=\"\" \/>\n<input type=\"hidden\" name=\"_wpcf7_recaptcha_response\" value=\"\" \/>\n<\/div>\n<p><label> Tu nombre<br \/>\n    <span class=\"wpcf7-form-control-wrap\" data-name=\"your-name\"><input type=\"text\" name=\"your-name\" value=\"\" size=\"40\" class=\"wpcf7-form-control wpcf7-text wpcf7-validates-as-required\" aria-required=\"true\" aria-invalid=\"false\" \/><\/span> <\/label><\/p>\n<p><label> Tu correo electr\u00f3nico<br \/>\n    <span class=\"wpcf7-form-control-wrap\" data-name=\"your-email\"><input type=\"email\" name=\"your-email\" value=\"\" size=\"40\" class=\"wpcf7-form-control wpcf7-text wpcf7-email wpcf7-validates-as-required wpcf7-validates-as-email\" aria-required=\"true\" aria-invalid=\"false\" \/><\/span> <\/label><\/p>\n<p><label> Asunto<br \/>\n    <span class=\"wpcf7-form-control-wrap\" data-name=\"your-subject\"><input type=\"text\" name=\"your-subject\" value=\"\" size=\"40\" class=\"wpcf7-form-control wpcf7-text wpcf7-validates-as-required\" aria-required=\"true\" aria-invalid=\"false\" \/><\/span> <\/label><\/p>\n<p><label> Tu mensaje<br \/>\n    <span class=\"wpcf7-form-control-wrap\" data-name=\"your-message\"><textarea name=\"your-message\" cols=\"40\" rows=\"10\" class=\"wpcf7-form-control wpcf7-textarea wpcf7-validates-as-required\" aria-required=\"true\" aria-invalid=\"false\"><\/textarea><\/span> <\/label><\/p>\n\n<p><input type=\"submit\" value=\"Enviar\" class=\"wpcf7-form-control has-spinner wpcf7-submit\" \/><\/p>\n<div class=\"wpcf7-response-output\" aria-hidden=\"true\"><\/div><\/form><\/div>\n<\/div>\n\n\n\n<div class=\"wp-block-column is-layout-flow wp-block-column-is-layout-flow\">\n<iframe src=\"https:\/\/www.google.com\/maps\/embed?pb=!1m14!1m8!1m3!1d1409.5829579924773!2d-79.89499150673763!3d-2.190683097309612!3m2!1i1024!2i768!4f13.1!3m3!1m2!1s0x0%3A0x74e8c01782b4a5d9!2sPunto%20Volkswagen!5e0!3m2!1ses-419!2sec!4v1646232996913!5m2!1ses-419!2sec\" style=\"border:0;\" allowfullscreen=\"\" loading=\"lazy\" width=\"100%\" height=\"450\"><\/iframe>\n<\/div>\n<\/div>\n\n\n\n<div style=\"height:30px\" aria-hidden=\"true\" class=\"wp-block-spacer\"><\/div>\n\n\n\n<div style=\"height:30px\" aria-hidden=\"true\" class=\"wp-block-spacer\"><\/div>\n","protected":false},"excerpt":{"rendered":"<p>INFORMACI\u00d3N DE CONTACTO: Direcci\u00f3n: Los R\u00edos 1108 entre Luque y Aguirre ALMACEN: (04) &#8211; 2369368 TALLER: (04) &#8211; 2193112 Telf Vendedor 1: 0985221490 (Ana)\u00a0\u00a0\u00a0\u00a0 Correo: autochecorepuestos@hotmail.com Telf Vendedor 2: 0988530859<\/p>\n","protected":false},"author":1,"featured_media":0,"parent":0,"menu_order":0,"comment_status":"closed","ping_status":"closed","template":"","meta":{"footnotes":""},"class_list":{"1":"page","2":"type-page","3":"status-publish","4":"hentry"},"_links":{"self":[{"href":"https:\/\/puntovolkswagen.com.ec\/index.php\/wp-json\/wp\/v2\/pages\/464","targetHints":{"allow":["GET"]}}],"collection":[{"href":"https:\/\/puntovolkswagen.com.ec\/index.php\/wp-json\/wp\/v2\/pages"}],"about":[{"href":"https:\/\/puntovolkswagen.com.ec\/index.php\/wp-json\/wp\/v2\/types\/page"}],"author":[{"embeddable":true,"href":"https:\/\/puntovolkswagen.com.ec\/index.php\/wp-json\/wp\/v2\/users\/1"}],"replies":[{"embeddable":true,"href":"https:\/\/puntovolkswagen.com.ec\/index.php\/wp-json\/wp\/v2\/comments?post=464"}],"version-history":[{"count":14,"href":"https:\/\/puntovolkswagen.com.ec\/index.php\/wp-json\/wp\/v2\/pages\/464\/revisions"}],"predecessor-version":[{"id":2965,"href":"https:\/\/puntovolkswagen.com.ec\/index.php\/wp-json\/wp\/v2\/pages\/464\/revisions\/2965"}],"wp:attachment":[{"href":"https:\/\/puntovolkswagen.com.ec\/index.php\/wp-json\/wp\/v2\/media?parent=464"}],"curies":[{"name":"wp","href":"https:\/\/api.w.org\/{rel}","templated":true}]}}